{"id":2519,"date":"2024-04-12T12:24:52","date_gmt":"2024-04-12T12:24:52","guid":{"rendered":"https:\/\/prodpol.pl\/?page_id=2519"},"modified":"2024-04-12T12:51:40","modified_gmt":"2024-04-12T12:51:40","slug":"sprzet-do-pakowania","status":"publish","type":"page","link":"https:\/\/prodpol.pl\/pl\/products\/sprzet-do-pakowania\/","title":{"rendered":"Sprz\u0119t do pakowania"},"content":{"rendered":"\t\t<div data-elementor-type=\"wp-page\" data-elementor-id=\"2519\" class=\"elementor elementor-2519\" data-elementor-settings=\"[]\">\n\t\t\t\t\t\t\t<div class=\"elementor-section-wrap\">\n\t\t\t\t\t\t\t<section class=\"elementor-section elementor-top-section elementor-element elementor-element-8125184 elementor-section-full_width elementor-section-height-min-height elementor-section-stretched elementor-section-height-default elementor-section-items-middle\" data-id=\"8125184\" data-element_type=\"section\" data-settings=\"{&quot;background_background&quot;:&quot;classic&quot;,&quot;stretch_section&quot;:&quot;section-stretched&quot;}\">\n\t\t\t\t\t\t\t<div class=\"elementor-background-overlay\"><\/div>\n\t\t\t\t\t\t\t<div class=\"elementor-container elementor-column-gap-default\">\n\t\t\t\t\t<div class=\"elementor-column elementor-col-100 elementor-top-column elementor-element elementor-element-c6980d2\" data-id=\"c6980d2\" data-element_type=\"column\" data-settings=\"{&quot;background_background&quot;:&quot;classic&quot;}\">\n\t\t\t<div class=\"elementor-widget-wrap elementor-element-populated\">\n\t\t\t\t\t\t\t\t<div class=\"elementor-element elementor-element-226649d elementor-widget elementor-widget-heading\" data-id=\"226649d\" data-element_type=\"widget\" data-widget_type=\"heading.default\">\n\t\t\t\t<div class=\"elementor-widget-container\">\n\t\t\t<h2 class=\"elementor-heading-title elementor-size-xl\">Sprz\u0119t do pakowania<\/h2>\t\t<\/div>\n\t\t\t\t<\/div>\n\t\t\t\t\t<\/div>\n\t\t<\/div>\n\t\t\t\t\t\t\t<\/div>\n\t\t<\/section>\n\t\t\t\t<section class=\"elementor-section elementor-top-section elementor-element elementor-element-92360d1 elementor-section-boxed elementor-section-height-default elementor-section-height-default\" data-id=\"92360d1\" data-element_type=\"section\">\n\t\t\t\t\t\t<div class=\"elementor-container elementor-column-gap-default\">\n\t\t\t\t\t<div class=\"elementor-column elementor-col-100 elementor-top-column elementor-element elementor-element-f3f7bc0\" data-id=\"f3f7bc0\" data-element_type=\"column\">\n\t\t\t<div class=\"elementor-widget-wrap elementor-element-populated\">\n\t\t\t\t\t\t\t\t<div class=\"elementor-element elementor-element-32b38ea elementor-widget elementor-widget-text-editor\" data-id=\"32b38ea\" data-element_type=\"widget\" data-widget_type=\"text-editor.default\">\n\t\t\t\t<div class=\"elementor-widget-container\">\n\t\t\t\t\t\t\t\t<p>Sprz\u0119t do przetworstwa spozywczego<br \/>Zajmuje si\u0119 sprzeda\u017c\u0105 oraz kupnem r\u00f3\u017cnego rodzaju urz\u0105dze\u0144 u\u017cywanych dla przemys\u0142u spo\u017cywczego \u2013 takich jak maszyny do produkcji czekolady i wyrob\u00f3w cukierniczych, oraz wafli, biszkopt\u00f3w i produkt\u00f3w piekarniczych, a tak\u017ce dla linii do produkcji napoj\u00f3w.<\/p><p><a href=\"https:\/\/poltech.group\/pl\" target=\"_blank\" rel=\"noopener\">https:\/\/poltech.group\/pl<\/a><\/p><p>\u00a0<\/p>\t\t\t\t\t\t<\/div>\n\t\t\t\t<\/div>\n\t\t\t\t\t<\/div>\n\t\t<\/div>\n\t\t\t\t\t\t\t<\/div>\n\t\t<\/section>\n\t\t\t\t\t\t<\/div>\n\t\t\t\t\t<\/div>\n\t\t","protected":false},"excerpt":{"rendered":"<p>Sprz\u0119t do pakowania Sprz\u0119t do przetworstwa spozywczego Zajmuje si\u0119 sprzeda\u017c\u0105 oraz kupnem r\u00f3\u017cnego rodzaju urz\u0105dze\u0144 u\u017cywanych dla przemys\u0142u spo\u017cywczego \u2013 takich jak maszyny do produkcji czekolady i wyrob\u00f3w cukierniczych, oraz wafli, biszkopt\u00f3w i produkt\u00f3w piekarniczych, a tak\u017ce dla linii do produkcji napoj\u00f3w. https:\/\/poltech.group\/pl<\/p>\n","protected":false},"author":1,"featured_media":0,"parent":1910,"menu_order":0,"comment_status":"closed","ping_status":"closed","template":"elementor_header_footer","meta":{"footnotes":""},"class_list":["post-2519","page","type-page","status-publish","hentry"],"_links":{"self":[{"href":"https:\/\/prodpol.pl\/pl\/wp-json\/wp\/v2\/pages\/2519","targetHints":{"allow":["GET"]}}],"collection":[{"href":"https:\/\/prodpol.pl\/pl\/wp-json\/wp\/v2\/pages"}],"about":[{"href":"https:\/\/prodpol.pl\/pl\/wp-json\/wp\/v2\/types\/page"}],"author":[{"embeddable":true,"href":"https:\/\/prodpol.pl\/pl\/wp-json\/wp\/v2\/users\/1"}],"replies":[{"embeddable":true,"href":"https:\/\/prodpol.pl\/pl\/wp-json\/wp\/v2\/comments?post=2519"}],"version-history":[{"count":8,"href":"https:\/\/prodpol.pl\/pl\/wp-json\/wp\/v2\/pages\/2519\/revisions"}],"predecessor-version":[{"id":2569,"href":"https:\/\/prodpol.pl\/pl\/wp-json\/wp\/v2\/pages\/2519\/revisions\/2569"}],"up":[{"embeddable":true,"href":"https:\/\/prodpol.pl\/pl\/wp-json\/wp\/v2\/pages\/1910"}],"wp:attachment":[{"href":"https:\/\/prodpol.pl\/pl\/wp-json\/wp\/v2\/media?parent=2519"}],"curies":[{"name":"wp","href":"https:\/\/api.w.org\/{rel}","templated":true}]}}