{"id":1923,"date":"2021-04-19T16:48:46","date_gmt":"2021-04-19T16:48:46","guid":{"rendered":"https:\/\/prodpol.pl\/products\/functional-aromatic-blends-for-meat-seafood-and-snacks\/"},"modified":"2022-05-11T13:33:54","modified_gmt":"2022-05-11T13:33:54","slug":"functional-aromatic-blends-for-meat-seafood-and-snacks","status":"publish","type":"page","link":"https:\/\/prodpol.pl\/pl\/products\/functional-aromatic-blends-for-meat-seafood-and-snacks\/","title":{"rendered":"Mieszanki aromatyczno-smakowe"},"content":{"rendered":"\t\t<div data-elementor-type=\"wp-page\" data-elementor-id=\"1923\" class=\"elementor elementor-1923\" data-elementor-settings=\"[]\">\n\t\t\t\t\t\t\t<div class=\"elementor-section-wrap\">\n\t\t\t\t\t\t\t<section class=\"elementor-section elementor-top-section elementor-element elementor-element-8125184 elementor-section-full_width elementor-section-height-min-height elementor-section-stretched elementor-section-height-default elementor-section-items-middle\" data-id=\"8125184\" data-element_type=\"section\" data-settings=\"{&quot;background_background&quot;:&quot;classic&quot;,&quot;stretch_section&quot;:&quot;section-stretched&quot;}\">\n\t\t\t\t\t\t\t<div class=\"elementor-background-overlay\"><\/div>\n\t\t\t\t\t\t\t<div class=\"elementor-container elementor-column-gap-default\">\n\t\t\t\t\t<div class=\"elementor-column elementor-col-100 elementor-top-column elementor-element elementor-element-c6980d2\" data-id=\"c6980d2\" data-element_type=\"column\" data-settings=\"{&quot;background_background&quot;:&quot;classic&quot;}\">\n\t\t\t<div class=\"elementor-widget-wrap elementor-element-populated\">\n\t\t\t\t\t\t\t\t<div class=\"elementor-element elementor-element-226649d elementor-widget elementor-widget-heading\" data-id=\"226649d\" data-element_type=\"widget\" data-widget_type=\"heading.default\">\n\t\t\t\t<div class=\"elementor-widget-container\">\n\t\t\t<h2 class=\"elementor-heading-title elementor-size-xl\">Mieszanki aromatyczno-smakowe<\/h2>\t\t<\/div>\n\t\t\t\t<\/div>\n\t\t\t\t\t<\/div>\n\t\t<\/div>\n\t\t\t\t\t\t\t<\/div>\n\t\t<\/section>\n\t\t\t\t<section class=\"elementor-section elementor-top-section elementor-element elementor-element-92360d1 elementor-section-boxed elementor-section-height-default elementor-section-height-default\" data-id=\"92360d1\" data-element_type=\"section\">\n\t\t\t\t\t\t<div class=\"elementor-container elementor-column-gap-default\">\n\t\t\t\t\t<div class=\"elementor-column elementor-col-100 elementor-top-column elementor-element elementor-element-f3f7bc0\" data-id=\"f3f7bc0\" data-element_type=\"column\">\n\t\t\t<div class=\"elementor-widget-wrap elementor-element-populated\">\n\t\t\t\t\t\t\t\t<div class=\"elementor-element elementor-element-32b38ea elementor-widget elementor-widget-text-editor\" data-id=\"32b38ea\" data-element_type=\"widget\" data-widget_type=\"text-editor.default\">\n\t\t\t\t<div class=\"elementor-widget-container\">\n\t\t\t\t\t\t\t\t<p><strong>Funkcjonalne mieszanki aromatyczne do mi\u0119sa, owoc\u00f3w morza oraz przek\u0105sek (TrueMix)<\/strong><\/p><p>TrueMix to przedsi\u0119biorstwo, kt\u00f3re specjalizuje si\u0119 w produkcji szerokiej gamy gotowych mieszanek aromatyczno-smakowych oraz poszczeg\u00f3lnych sk\u0142adnik\u00f3w do produkcji i przetw\u00f3rstwa mi\u0119snego. Niezale\u017cnie od tego, czy chodzi o mi\u0119so w\u0119dzone lub suszone, \u015bwie\u017ce lub mro\u017cone, w\u0119dzone kie\u0142baski czy salami, nasi technolodzy potrafi\u0105 stworzy\u0107 mieszank\u0119, kt\u00f3ra zadowoli indywidualne potrzeby Klient\u00f3w. Ci\u0105gle rozszerzamy r\u00f3wnie\u017c nasz wielki i fascynuj\u0105cy asortyment o nowe smaki do chips\u00f3w, przek\u0105sek ekstrudowanych i orzeszk\u00f3w. Mieszanki TrueMix s\u0105 r\u00f3wnie\u017c przeznaczone do wzmacniania naturalnego smaku ryb, produkt\u00f3w rybnych, ryb w\u0119dzonych, paluszk\u00f3w krabowych oraz innych rodzaj\u00f3w owoc\u00f3w morza.<\/p>\t\t\t\t\t\t<\/div>\n\t\t\t\t<\/div>\n\t\t\t\t\t<\/div>\n\t\t<\/div>\n\t\t\t\t\t\t\t<\/div>\n\t\t<\/section>\n\t\t\t\t<section class=\"elementor-section elementor-top-section elementor-element elementor-element-f4646d8 elementor-section-boxed elementor-section-height-default elementor-section-height-default\" data-id=\"f4646d8\" data-element_type=\"section\">\n\t\t\t\t\t\t<div class=\"elementor-container elementor-column-gap-default\">\n\t\t\t\t\t<div class=\"elementor-column elementor-col-50 elementor-top-column elementor-element elementor-element-4aed0c9c\" data-id=\"4aed0c9c\" data-element_type=\"column\">\n\t\t\t<div class=\"elementor-widget-wrap elementor-element-populated\">\n\t\t\t\t\t\t\t\t<div class=\"elementor-element elementor-element-4747853f elementor-widget elementor-widget-heading\" data-id=\"4747853f\" data-element_type=\"widget\" data-widget_type=\"heading.default\">\n\t\t\t\t<div class=\"elementor-widget-container\">\n\t\t\t<h2 class=\"elementor-heading-title elementor-size-default\">Przek\u0105ski<\/h2>\t\t<\/div>\n\t\t\t\t<\/div>\n\t\t\t\t<div class=\"elementor-element elementor-element-1f3ad15c elementor-widget elementor-widget-image\" data-id=\"1f3ad15c\" data-element_type=\"widget\" data-widget_type=\"image.default\">\n\t\t\t\t<div class=\"elementor-widget-container\">\n\t\t\t\t\t\t\t\t\t\t\t\t\t\t\t<img loading=\"lazy\" decoding=\"async\" width=\"400\" height=\"400\" src=\"https:\/\/prodpol.pl\/wp-content\/uploads\/2022\/05\/snacks-1.jpg\" class=\"attachment-large size-large\" alt=\"\" srcset=\"https:\/\/prodpol.pl\/wp-content\/uploads\/2022\/05\/snacks-1.jpg 400w, https:\/\/prodpol.pl\/wp-content\/uploads\/2022\/05\/snacks-1-300x300.jpg 300w, https:\/\/prodpol.pl\/wp-content\/uploads\/2022\/05\/snacks-1-150x150.jpg 150w, https:\/\/prodpol.pl\/wp-content\/uploads\/2022\/05\/snacks-1-350x350.jpg 350w\" sizes=\"auto, (max-width: 400px) 100vw, 400px\" \/>\t\t\t\t\t\t\t\t\t\t\t\t\t\t\t<\/div>\n\t\t\t\t<\/div>\n\t\t\t\t<div class=\"elementor-element elementor-element-12ba4351 elementor-widget-divider--view-line elementor-widget elementor-widget-divider\" data-id=\"12ba4351\" data-element_type=\"widget\" data-widget_type=\"divider.default\">\n\t\t\t\t<div class=\"elementor-widget-container\">\n\t\t\t\t\t<div class=\"elementor-divider\">\n\t\t\t<span class=\"elementor-divider-separator\">\n\t\t\t\t\t\t<\/span>\n\t\t<\/div>\n\t\t\t\t<\/div>\n\t\t\t\t<\/div>\n\t\t\t\t<div class=\"elementor-element elementor-element-4513c987 elementor-widget elementor-widget-heading\" data-id=\"4513c987\" data-element_type=\"widget\" data-widget_type=\"heading.default\">\n\t\t\t\t<div class=\"elementor-widget-container\">\n\t\t\t<p class=\"elementor-heading-title elementor-size-default\">Czytaj wi\u0119cej w pdf\u200b<\/p>\t\t<\/div>\n\t\t\t\t<\/div>\n\t\t\t\t<section class=\"elementor-section elementor-inner-section elementor-element elementor-element-9d61de5 elementor-section-boxed elementor-section-height-default elementor-section-height-default\" data-id=\"9d61de5\" data-element_type=\"section\">\n\t\t\t\t\t\t<div class=\"elementor-container elementor-column-gap-default\">\n\t\t\t\t\t<div class=\"elementor-column elementor-col-50 elementor-inner-column elementor-element elementor-element-78d5fd26\" data-id=\"78d5fd26\" data-element_type=\"column\">\n\t\t\t<div class=\"elementor-widget-wrap elementor-element-populated\">\n\t\t\t\t\t\t\t\t<div class=\"elementor-element elementor-element-1642d31e elementor-widget elementor-widget-image\" data-id=\"1642d31e\" data-element_type=\"widget\" data-widget_type=\"image.default\">\n\t\t\t\t<div class=\"elementor-widget-container\">\n\t\t\t\t\t\t\t\t\t\t\t\t\t\t\t\t<a href=\"https:\/\/prodpol.pl\/wp-content\/uploads\/2022\/05\/GRISSINI-Snacks.pdf\" target=\"_blank\">\n\t\t\t\t\t\t\t<img decoding=\"async\" src=\"https:\/\/prodpol.pl\/wp-content\/uploads\/elementor\/thumbs\/pdf-ponikx6y275t1jpvl9qiwiuet8hvt4m4uecatakayc.png\" title=\"pdf\" alt=\"pdf\" \/>\t\t\t\t\t\t\t\t<\/a>\n\t\t\t\t\t\t\t\t\t\t\t\t\t\t\t<\/div>\n\t\t\t\t<\/div>\n\t\t\t\t\t<\/div>\n\t\t<\/div>\n\t\t\t\t<div class=\"elementor-column elementor-col-50 elementor-inner-column elementor-element elementor-element-648dfbc0\" data-id=\"648dfbc0\" data-element_type=\"column\">\n\t\t\t<div class=\"elementor-widget-wrap elementor-element-populated\">\n\t\t\t\t\t\t\t\t<div class=\"elementor-element elementor-element-7a90c433 elementor-widget elementor-widget-image\" data-id=\"7a90c433\" data-element_type=\"widget\" data-widget_type=\"image.default\">\n\t\t\t\t<div class=\"elementor-widget-container\">\n\t\t\t\t\t\t\t\t\t\t\t\t\t\t\t\t<a href=\"https:\/\/prodpol.pl\/wp-content\/uploads\/2022\/05\/Snacks.pdf\" target=\"_blank\">\n\t\t\t\t\t\t\t<img decoding=\"async\" src=\"https:\/\/prodpol.pl\/wp-content\/uploads\/elementor\/thumbs\/pdf-ponikx6y275t1jpvl9qiwiuet8hvt4m4uecatakayc.png\" title=\"pdf\" alt=\"pdf\" \/>\t\t\t\t\t\t\t\t<\/a>\n\t\t\t\t\t\t\t\t\t\t\t\t\t\t\t<\/div>\n\t\t\t\t<\/div>\n\t\t\t\t\t<\/div>\n\t\t<\/div>\n\t\t\t\t\t\t\t<\/div>\n\t\t<\/section>\n\t\t\t\t\t<\/div>\n\t\t<\/div>\n\t\t\t\t<div class=\"elementor-column elementor-col-50 elementor-top-column elementor-element elementor-element-401b48df\" data-id=\"401b48df\" data-element_type=\"column\">\n\t\t\t<div class=\"elementor-widget-wrap elementor-element-populated\">\n\t\t\t\t\t\t\t\t<div class=\"elementor-element elementor-element-6605da9e elementor-widget elementor-widget-heading\" data-id=\"6605da9e\" data-element_type=\"widget\" data-widget_type=\"heading.default\">\n\t\t\t\t<div class=\"elementor-widget-container\">\n\t\t\t<h2 class=\"elementor-heading-title elementor-size-default\">Sosy<\/h2>\t\t<\/div>\n\t\t\t\t<\/div>\n\t\t\t\t<div class=\"elementor-element elementor-element-49c9c3e1 elementor-widget elementor-widget-image\" data-id=\"49c9c3e1\" data-element_type=\"widget\" data-widget_type=\"image.default\">\n\t\t\t\t<div class=\"elementor-widget-container\">\n\t\t\t\t\t\t\t\t\t\t\t\t\t\t\t<img loading=\"lazy\" decoding=\"async\" width=\"400\" height=\"400\" src=\"https:\/\/prodpol.pl\/wp-content\/uploads\/2022\/05\/sauces-1.jpg\" class=\"attachment-large size-large\" alt=\"\" srcset=\"https:\/\/prodpol.pl\/wp-content\/uploads\/2022\/05\/sauces-1.jpg 400w, https:\/\/prodpol.pl\/wp-content\/uploads\/2022\/05\/sauces-1-300x300.jpg 300w, https:\/\/prodpol.pl\/wp-content\/uploads\/2022\/05\/sauces-1-150x150.jpg 150w, https:\/\/prodpol.pl\/wp-content\/uploads\/2022\/05\/sauces-1-350x350.jpg 350w\" sizes=\"auto, (max-width: 400px) 100vw, 400px\" \/>\t\t\t\t\t\t\t\t\t\t\t\t\t\t\t<\/div>\n\t\t\t\t<\/div>\n\t\t\t\t<div class=\"elementor-element elementor-element-6812dc5e elementor-widget-divider--view-line elementor-widget elementor-widget-divider\" data-id=\"6812dc5e\" data-element_type=\"widget\" data-widget_type=\"divider.default\">\n\t\t\t\t<div class=\"elementor-widget-container\">\n\t\t\t\t\t<div class=\"elementor-divider\">\n\t\t\t<span class=\"elementor-divider-separator\">\n\t\t\t\t\t\t<\/span>\n\t\t<\/div>\n\t\t\t\t<\/div>\n\t\t\t\t<\/div>\n\t\t\t\t<div class=\"elementor-element elementor-element-4ab44266 elementor-widget elementor-widget-heading\" data-id=\"4ab44266\" data-element_type=\"widget\" data-widget_type=\"heading.default\">\n\t\t\t\t<div class=\"elementor-widget-container\">\n\t\t\t<p class=\"elementor-heading-title elementor-size-default\">Czytaj wi\u0119cej w pdf\u200b<\/p>\t\t<\/div>\n\t\t\t\t<\/div>\n\t\t\t\t<section class=\"elementor-section elementor-inner-section elementor-element elementor-element-71181160 elementor-section-boxed elementor-section-height-default elementor-section-height-default\" data-id=\"71181160\" data-element_type=\"section\">\n\t\t\t\t\t\t<div class=\"elementor-container elementor-column-gap-default\">\n\t\t\t\t\t<div class=\"elementor-column elementor-col-100 elementor-inner-column elementor-element elementor-element-232cb39f\" data-id=\"232cb39f\" data-element_type=\"column\">\n\t\t\t<div class=\"elementor-widget-wrap elementor-element-populated\">\n\t\t\t\t\t\t\t\t<div class=\"elementor-element elementor-element-561ec3a8 elementor-widget elementor-widget-image\" data-id=\"561ec3a8\" data-element_type=\"widget\" data-widget_type=\"image.default\">\n\t\t\t\t<div class=\"elementor-widget-container\">\n\t\t\t\t\t\t\t\t\t\t\t\t\t\t\t\t<a href=\"https:\/\/prodpol.pl\/wp-content\/uploads\/2022\/05\/Sauces.pdf\" target=\"_blank\">\n\t\t\t\t\t\t\t<img decoding=\"async\" src=\"https:\/\/prodpol.pl\/wp-content\/uploads\/elementor\/thumbs\/pdf-ponikx6y275t1jpvl9qiwiuet8hvt4m4uecatakayc.png\" title=\"pdf\" alt=\"pdf\" \/>\t\t\t\t\t\t\t\t<\/a>\n\t\t\t\t\t\t\t\t\t\t\t\t\t\t\t<\/div>\n\t\t\t\t<\/div>\n\t\t\t\t\t<\/div>\n\t\t<\/div>\n\t\t\t\t\t\t\t<\/div>\n\t\t<\/section>\n\t\t\t\t\t<\/div>\n\t\t<\/div>\n\t\t\t\t\t\t\t<\/div>\n\t\t<\/section>\n\t\t\t\t<section class=\"elementor-section elementor-top-section elementor-element elementor-element-4daf557 elementor-section-boxed elementor-section-height-default elementor-section-height-default\" data-id=\"4daf557\" data-element_type=\"section\">\n\t\t\t\t\t\t<div class=\"elementor-container elementor-column-gap-default\">\n\t\t\t\t\t<div class=\"elementor-column elementor-col-100 elementor-top-column elementor-element elementor-element-56aff628\" data-id=\"56aff628\" data-element_type=\"column\">\n\t\t\t<div class=\"elementor-widget-wrap elementor-element-populated\">\n\t\t\t\t\t\t\t\t<div class=\"elementor-element elementor-element-302b8b1b elementor-widget-divider--view-line_icon elementor-view-default elementor-widget-divider--element-align-center elementor-widget elementor-widget-divider\" data-id=\"302b8b1b\" data-element_type=\"widget\" data-widget_type=\"divider.default\">\n\t\t\t\t<div class=\"elementor-widget-container\">\n\t\t\t\t\t<div class=\"elementor-divider\">\n\t\t\t<span class=\"elementor-divider-separator\">\n\t\t\t\t\t\t\t<div class=\"elementor-icon elementor-divider__element\">\n\t\t\t\t\t<i aria-hidden=\"true\" class=\"fas fa-chevron-down\"><\/i><\/div>\n\t\t\t\t\t\t<\/span>\n\t\t<\/div>\n\t\t\t\t<\/div>\n\t\t\t\t<\/div>\n\t\t\t\t\t<\/div>\n\t\t<\/div>\n\t\t\t\t\t\t\t<\/div>\n\t\t<\/section>\n\t\t\t\t<section class=\"elementor-section elementor-top-section elementor-element elementor-element-66e22019 elementor-section-boxed elementor-section-height-default elementor-section-height-default\" data-id=\"66e22019\" data-element_type=\"section\">\n\t\t\t\t\t\t<div class=\"elementor-container elementor-column-gap-default\">\n\t\t\t\t\t<div class=\"elementor-column elementor-col-50 elementor-top-column elementor-element elementor-element-4a2bc6b5\" data-id=\"4a2bc6b5\" data-element_type=\"column\">\n\t\t\t<div class=\"elementor-widget-wrap elementor-element-populated\">\n\t\t\t\t\t\t\t\t<div class=\"elementor-element elementor-element-2dc84e5 elementor-widget elementor-widget-heading\" data-id=\"2dc84e5\" data-element_type=\"widget\" data-widget_type=\"heading.default\">\n\t\t\t\t<div class=\"elementor-widget-container\">\n\t\t\t<h2 class=\"elementor-heading-title elementor-size-default\">Linia weganska<\/h2>\t\t<\/div>\n\t\t\t\t<\/div>\n\t\t\t\t<div class=\"elementor-element elementor-element-4376ac4 elementor-widget elementor-widget-image\" data-id=\"4376ac4\" data-element_type=\"widget\" data-widget_type=\"image.default\">\n\t\t\t\t<div class=\"elementor-widget-container\">\n\t\t\t\t\t\t\t\t\t\t\t\t\t\t\t<img loading=\"lazy\" decoding=\"async\" width=\"400\" height=\"400\" src=\"https:\/\/prodpol.pl\/wp-content\/uploads\/2022\/05\/vegan.jpg\" class=\"attachment-large size-large\" alt=\"\" srcset=\"https:\/\/prodpol.pl\/wp-content\/uploads\/2022\/05\/vegan.jpg 400w, https:\/\/prodpol.pl\/wp-content\/uploads\/2022\/05\/vegan-300x300.jpg 300w, https:\/\/prodpol.pl\/wp-content\/uploads\/2022\/05\/vegan-150x150.jpg 150w, https:\/\/prodpol.pl\/wp-content\/uploads\/2022\/05\/vegan-350x350.jpg 350w\" sizes=\"auto, (max-width: 400px) 100vw, 400px\" \/>\t\t\t\t\t\t\t\t\t\t\t\t\t\t\t<\/div>\n\t\t\t\t<\/div>\n\t\t\t\t<div class=\"elementor-element elementor-element-9fe27db elementor-widget-divider--view-line elementor-widget elementor-widget-divider\" data-id=\"9fe27db\" data-element_type=\"widget\" data-widget_type=\"divider.default\">\n\t\t\t\t<div class=\"elementor-widget-container\">\n\t\t\t\t\t<div class=\"elementor-divider\">\n\t\t\t<span class=\"elementor-divider-separator\">\n\t\t\t\t\t\t<\/span>\n\t\t<\/div>\n\t\t\t\t<\/div>\n\t\t\t\t<\/div>\n\t\t\t\t<div class=\"elementor-element elementor-element-3f27656c elementor-widget elementor-widget-heading\" data-id=\"3f27656c\" data-element_type=\"widget\" data-widget_type=\"heading.default\">\n\t\t\t\t<div class=\"elementor-widget-container\">\n\t\t\t<p class=\"elementor-heading-title elementor-size-default\">Czytaj wi\u0119cej w pdf\u200b<\/p>\t\t<\/div>\n\t\t\t\t<\/div>\n\t\t\t\t<section class=\"elementor-section elementor-inner-section elementor-element elementor-element-27cbfbf5 elementor-section-boxed elementor-section-height-default elementor-section-height-default\" data-id=\"27cbfbf5\" data-element_type=\"section\">\n\t\t\t\t\t\t<div class=\"elementor-container elementor-column-gap-default\">\n\t\t\t\t\t<div class=\"elementor-column elementor-col-100 elementor-inner-column elementor-element elementor-element-67a34550\" data-id=\"67a34550\" data-element_type=\"column\">\n\t\t\t<div class=\"elementor-widget-wrap elementor-element-populated\">\n\t\t\t\t\t\t\t\t<div class=\"elementor-element elementor-element-51f5e6dd elementor-widget elementor-widget-image\" data-id=\"51f5e6dd\" data-element_type=\"widget\" data-widget_type=\"image.default\">\n\t\t\t\t<div class=\"elementor-widget-container\">\n\t\t\t\t\t\t\t\t\t\t\t\t\t\t\t\t<a href=\"https:\/\/prodpol.pl\/wp-content\/uploads\/2022\/05\/Vegan-line.pdf\" target=\"_blank\">\n\t\t\t\t\t\t\t<img decoding=\"async\" src=\"https:\/\/prodpol.pl\/wp-content\/uploads\/elementor\/thumbs\/pdf-ponikx6y275t1jpvl9qiwiuet8hvt4m4uecatakayc.png\" title=\"pdf\" alt=\"pdf\" \/>\t\t\t\t\t\t\t\t<\/a>\n\t\t\t\t\t\t\t\t\t\t\t\t\t\t\t<\/div>\n\t\t\t\t<\/div>\n\t\t\t\t\t<\/div>\n\t\t<\/div>\n\t\t\t\t\t\t\t<\/div>\n\t\t<\/section>\n\t\t\t\t\t<\/div>\n\t\t<\/div>\n\t\t\t\t<div class=\"elementor-column elementor-col-50 elementor-top-column elementor-element elementor-element-7f49ba93\" data-id=\"7f49ba93\" data-element_type=\"column\">\n\t\t\t<div class=\"elementor-widget-wrap elementor-element-populated\">\n\t\t\t\t\t\t\t\t<div class=\"elementor-element elementor-element-43253899 elementor-widget elementor-widget-heading\" data-id=\"43253899\" data-element_type=\"widget\" data-widget_type=\"heading.default\">\n\t\t\t\t<div class=\"elementor-widget-container\">\n\t\t\t<h2 class=\"elementor-heading-title elementor-size-default\">Zupy b\u0142yskawiczne<\/h2>\t\t<\/div>\n\t\t\t\t<\/div>\n\t\t\t\t<div class=\"elementor-element elementor-element-33cfd110 elementor-widget elementor-widget-image\" data-id=\"33cfd110\" data-element_type=\"widget\" data-widget_type=\"image.default\">\n\t\t\t\t<div class=\"elementor-widget-container\">\n\t\t\t\t\t\t\t\t\t\t\t\t\t\t\t<img loading=\"lazy\" decoding=\"async\" width=\"400\" height=\"400\" src=\"https:\/\/prodpol.pl\/wp-content\/uploads\/2022\/05\/soups.jpg\" class=\"attachment-large size-large\" alt=\"\" srcset=\"https:\/\/prodpol.pl\/wp-content\/uploads\/2022\/05\/soups.jpg 400w, https:\/\/prodpol.pl\/wp-content\/uploads\/2022\/05\/soups-300x300.jpg 300w, https:\/\/prodpol.pl\/wp-content\/uploads\/2022\/05\/soups-150x150.jpg 150w, https:\/\/prodpol.pl\/wp-content\/uploads\/2022\/05\/soups-350x350.jpg 350w\" sizes=\"auto, (max-width: 400px) 100vw, 400px\" \/>\t\t\t\t\t\t\t\t\t\t\t\t\t\t\t<\/div>\n\t\t\t\t<\/div>\n\t\t\t\t<div class=\"elementor-element elementor-element-5134c00c elementor-widget-divider--view-line elementor-widget elementor-widget-divider\" data-id=\"5134c00c\" data-element_type=\"widget\" data-widget_type=\"divider.default\">\n\t\t\t\t<div class=\"elementor-widget-container\">\n\t\t\t\t\t<div class=\"elementor-divider\">\n\t\t\t<span class=\"elementor-divider-separator\">\n\t\t\t\t\t\t<\/span>\n\t\t<\/div>\n\t\t\t\t<\/div>\n\t\t\t\t<\/div>\n\t\t\t\t<div class=\"elementor-element elementor-element-37ca7880 elementor-widget elementor-widget-heading\" data-id=\"37ca7880\" data-element_type=\"widget\" data-widget_type=\"heading.default\">\n\t\t\t\t<div class=\"elementor-widget-container\">\n\t\t\t<p class=\"elementor-heading-title elementor-size-default\">Czytaj wi\u0119cej w pdf\u200b<\/p>\t\t<\/div>\n\t\t\t\t<\/div>\n\t\t\t\t<section class=\"elementor-section elementor-inner-section elementor-element elementor-element-6d0ec36e elementor-section-boxed elementor-section-height-default elementor-section-height-default\" data-id=\"6d0ec36e\" data-element_type=\"section\">\n\t\t\t\t\t\t<div class=\"elementor-container elementor-column-gap-default\">\n\t\t\t\t\t<div class=\"elementor-column elementor-col-50 elementor-inner-column elementor-element elementor-element-205d549e\" data-id=\"205d549e\" data-element_type=\"column\">\n\t\t\t<div class=\"elementor-widget-wrap elementor-element-populated\">\n\t\t\t\t\t\t\t\t<div class=\"elementor-element elementor-element-1f4b710c elementor-widget elementor-widget-image\" data-id=\"1f4b710c\" data-element_type=\"widget\" data-widget_type=\"image.default\">\n\t\t\t\t<div class=\"elementor-widget-container\">\n\t\t\t\t\t\t\t\t\t\t\t\t\t\t\t\t<a href=\"https:\/\/prodpol.pl\/wp-content\/uploads\/2022\/05\/Mushroom-soup.pdf\" target=\"_blank\">\n\t\t\t\t\t\t\t<img decoding=\"async\" src=\"https:\/\/prodpol.pl\/wp-content\/uploads\/elementor\/thumbs\/pdf-ponikx6y275t1jpvl9qiwiuet8hvt4m4uecatakayc.png\" title=\"pdf\" alt=\"pdf\" \/>\t\t\t\t\t\t\t\t<\/a>\n\t\t\t\t\t\t\t\t\t\t\t\t\t\t\t<\/div>\n\t\t\t\t<\/div>\n\t\t\t\t\t<\/div>\n\t\t<\/div>\n\t\t\t\t<div class=\"elementor-column elementor-col-50 elementor-inner-column elementor-element elementor-element-3cfd4064\" data-id=\"3cfd4064\" data-element_type=\"column\">\n\t\t\t<div class=\"elementor-widget-wrap elementor-element-populated\">\n\t\t\t\t\t\t\t\t<div class=\"elementor-element elementor-element-606cffde elementor-widget elementor-widget-image\" data-id=\"606cffde\" data-element_type=\"widget\" data-widget_type=\"image.default\">\n\t\t\t\t<div class=\"elementor-widget-container\">\n\t\t\t\t\t\t\t\t\t\t\t\t\t\t\t\t<a href=\"https:\/\/prodpol.pl\/wp-content\/uploads\/2022\/05\/Bograch-soup.pdf\" target=\"_blank\">\n\t\t\t\t\t\t\t<img decoding=\"async\" src=\"https:\/\/prodpol.pl\/wp-content\/uploads\/elementor\/thumbs\/pdf-ponikx6y275t1jpvl9qiwiuet8hvt4m4uecatakayc.png\" title=\"pdf\" alt=\"pdf\" \/>\t\t\t\t\t\t\t\t<\/a>\n\t\t\t\t\t\t\t\t\t\t\t\t\t\t\t<\/div>\n\t\t\t\t<\/div>\n\t\t\t\t\t<\/div>\n\t\t<\/div>\n\t\t\t\t\t\t\t<\/div>\n\t\t<\/section>\n\t\t\t\t\t<\/div>\n\t\t<\/div>\n\t\t\t\t\t\t\t<\/div>\n\t\t<\/section>\n\t\t\t\t<section class=\"elementor-section elementor-top-section elementor-element elementor-element-4330a0e elementor-section-boxed elementor-section-height-default elementor-section-height-default\" data-id=\"4330a0e\" data-element_type=\"section\">\n\t\t\t\t\t\t<div class=\"elementor-container elementor-column-gap-default\">\n\t\t\t\t\t<div class=\"elementor-column elementor-col-100 elementor-top-column elementor-element elementor-element-921a44f\" data-id=\"921a44f\" data-element_type=\"column\">\n\t\t\t<div class=\"elementor-widget-wrap elementor-element-populated\">\n\t\t\t\t\t\t\t\t<div class=\"elementor-element elementor-element-25df57e elementor-widget elementor-widget-spacer\" data-id=\"25df57e\" data-element_type=\"widget\" data-widget_type=\"spacer.default\">\n\t\t\t\t<div class=\"elementor-widget-container\">\n\t\t\t\t\t<div class=\"elementor-spacer\">\n\t\t\t<div class=\"elementor-spacer-inner\"><\/div>\n\t\t<\/div>\n\t\t\t\t<\/div>\n\t\t\t\t<\/div>\n\t\t\t\t\t<\/div>\n\t\t<\/div>\n\t\t\t\t\t\t\t<\/div>\n\t\t<\/section>\n\t\t\t\t\t\t<\/div>\n\t\t\t\t\t<\/div>\n\t\t","protected":false},"excerpt":{"rendered":"<p>Mieszanki aromatyczno-smakowe Funkcjonalne mieszanki aromatyczne do mi\u0119sa, owoc\u00f3w morza oraz przek\u0105sek (TrueMix) TrueMix to przedsi\u0119biorstwo, kt\u00f3re specjalizuje si\u0119 w produkcji szerokiej gamy gotowych mieszanek aromatyczno-smakowych oraz poszczeg\u00f3lnych sk\u0142adnik\u00f3w do produkcji i przetw\u00f3rstwa mi\u0119snego. Niezale\u017cnie od tego, czy chodzi o mi\u0119so w\u0119dzone lub suszone, \u015bwie\u017ce lub mro\u017cone, w\u0119dzone kie\u0142baski czy salami, nasi technolodzy potrafi\u0105 stworzy\u0107 mieszank\u0119, [&hellip;]<\/p>\n","protected":false},"author":1,"featured_media":0,"parent":1910,"menu_order":0,"comment_status":"closed","ping_status":"closed","template":"elementor_header_footer","meta":{"footnotes":""},"class_list":["post-1923","page","type-page","status-publish","hentry"],"_links":{"self":[{"href":"https:\/\/prodpol.pl\/pl\/wp-json\/wp\/v2\/pages\/1923","targetHints":{"allow":["GET"]}}],"collection":[{"href":"https:\/\/prodpol.pl\/pl\/wp-json\/wp\/v2\/pages"}],"about":[{"href":"https:\/\/prodpol.pl\/pl\/wp-json\/wp\/v2\/types\/page"}],"author":[{"embeddable":true,"href":"https:\/\/prodpol.pl\/pl\/wp-json\/wp\/v2\/users\/1"}],"replies":[{"embeddable":true,"href":"https:\/\/prodpol.pl\/pl\/wp-json\/wp\/v2\/comments?post=1923"}],"version-history":[{"count":16,"href":"https:\/\/prodpol.pl\/pl\/wp-json\/wp\/v2\/pages\/1923\/revisions"}],"predecessor-version":[{"id":2399,"href":"https:\/\/prodpol.pl\/pl\/wp-json\/wp\/v2\/pages\/1923\/revisions\/2399"}],"up":[{"embeddable":true,"href":"https:\/\/prodpol.pl\/pl\/wp-json\/wp\/v2\/pages\/1910"}],"wp:attachment":[{"href":"https:\/\/prodpol.pl\/pl\/wp-json\/wp\/v2\/media?parent=1923"}],"curies":[{"name":"wp","href":"https:\/\/api.w.org\/{rel}","templated":true}]}}