{"id":1921,"date":"2021-04-19T16:29:21","date_gmt":"2021-04-19T16:29:21","guid":{"rendered":"https:\/\/prodpol.pl\/products\/fragrances\/"},"modified":"2021-04-23T16:19:54","modified_gmt":"2021-04-23T16:19:54","slug":"fragrances","status":"publish","type":"page","link":"https:\/\/prodpol.pl\/pl\/products\/fragrances\/","title":{"rendered":"Zapachy"},"content":{"rendered":"\t\t<div data-elementor-type=\"wp-page\" data-elementor-id=\"1921\" class=\"elementor elementor-1921\" data-elementor-settings=\"[]\">\n\t\t\t\t\t\t\t<div class=\"elementor-section-wrap\">\n\t\t\t\t\t\t\t<section class=\"elementor-section elementor-top-section elementor-element elementor-element-8125184 elementor-section-full_width elementor-section-height-min-height elementor-section-stretched elementor-section-height-default elementor-section-items-middle\" data-id=\"8125184\" data-element_type=\"section\" data-settings=\"{&quot;background_background&quot;:&quot;classic&quot;,&quot;stretch_section&quot;:&quot;section-stretched&quot;}\">\n\t\t\t\t\t\t\t<div class=\"elementor-background-overlay\"><\/div>\n\t\t\t\t\t\t\t<div class=\"elementor-container elementor-column-gap-default\">\n\t\t\t\t\t<div class=\"elementor-column elementor-col-100 elementor-top-column elementor-element elementor-element-c6980d2\" data-id=\"c6980d2\" data-element_type=\"column\" data-settings=\"{&quot;background_background&quot;:&quot;classic&quot;}\">\n\t\t\t<div class=\"elementor-widget-wrap elementor-element-populated\">\n\t\t\t\t\t\t\t\t<div class=\"elementor-element elementor-element-226649d elementor-widget elementor-widget-heading\" data-id=\"226649d\" data-element_type=\"widget\" data-widget_type=\"heading.default\">\n\t\t\t\t<div class=\"elementor-widget-container\">\n\t\t\t<h2 class=\"elementor-heading-title elementor-size-xl\">Zapachy<\/h2>\t\t<\/div>\n\t\t\t\t<\/div>\n\t\t\t\t\t<\/div>\n\t\t<\/div>\n\t\t\t\t\t\t\t<\/div>\n\t\t<\/section>\n\t\t\t\t<section class=\"elementor-section elementor-top-section elementor-element elementor-element-92360d1 elementor-section-boxed elementor-section-height-default elementor-section-height-default\" data-id=\"92360d1\" data-element_type=\"section\">\n\t\t\t\t\t\t<div class=\"elementor-container elementor-column-gap-default\">\n\t\t\t\t\t<div class=\"elementor-column elementor-col-100 elementor-top-column elementor-element elementor-element-f3f7bc0\" data-id=\"f3f7bc0\" data-element_type=\"column\">\n\t\t\t<div class=\"elementor-widget-wrap elementor-element-populated\">\n\t\t\t\t\t\t\t\t<div class=\"elementor-element elementor-element-32b38ea elementor-widget elementor-widget-text-editor\" data-id=\"32b38ea\" data-element_type=\"widget\" data-widget_type=\"text-editor.default\">\n\t\t\t\t<div class=\"elementor-widget-container\">\n\t\t\t\t\t\t\t\t<p>Jednym z wa\u017cnych element\u00f3w sk\u0142adowych perfum i kosmetyk\u00f3w w produkcji jest ich aromat. Na pocz\u0105tku w\u0142a\u015bnie ten element przekonuje potencjalnego klienta, kt\u00f3ry jeszcze jest w trakcie wyboru odpowiedniego produktu. Zapachy s\u0142u\u017c\u0105 do nadania produktowi gotowemu delikatnego, trwa\u0142ego i niezapomnianego aromatu. Zapachy do kosmetyk\u00f3w to unikalne wielosk\u0142adnikowe mieszanki olejk\u00f3w eterycznych i syntetycznych substancji aromatycznych. Mo\u017cna podzieli\u0107 je wed\u0142ug rozpuszczalno\u015bci w wodzie, t\u0142uszczach i etanolu (informacje podane s\u0105 na etykiecie).<\/p><p>Oferujemy szerok\u0105 gam\u0119 zapach\u00f3w o r\u00f3\u017cnym przeznaczeniu: do produkcji perfum, kosmetyk\u00f3w, detergent\u00f3w, chusteczek, myde\u0142, od\u015bwie\u017caczy powietrza, kosmetyk\u00f3w pod prysznic, do piel\u0119gnacji w\u0142os\u00f3w i cia\u0142a, a tak\u017ce kosmetyk\u00f3w samochodowych.<\/p>\t\t\t\t\t\t<\/div>\n\t\t\t\t<\/div>\n\t\t\t\t\t<\/div>\n\t\t<\/div>\n\t\t\t\t\t\t\t<\/div>\n\t\t<\/section>\n\t\t\t\t\t\t<\/div>\n\t\t\t\t\t<\/div>\n\t\t","protected":false},"excerpt":{"rendered":"<p>Zapachy Jednym z wa\u017cnych element\u00f3w sk\u0142adowych perfum i kosmetyk\u00f3w w produkcji jest ich aromat. Na pocz\u0105tku w\u0142a\u015bnie ten element przekonuje potencjalnego klienta, kt\u00f3ry jeszcze jest w trakcie wyboru odpowiedniego produktu. Zapachy s\u0142u\u017c\u0105 do nadania produktowi gotowemu delikatnego, trwa\u0142ego i niezapomnianego aromatu. Zapachy do kosmetyk\u00f3w to unikalne wielosk\u0142adnikowe mieszanki olejk\u00f3w eterycznych i syntetycznych substancji aromatycznych. Mo\u017cna [&hellip;]<\/p>\n","protected":false},"author":1,"featured_media":0,"parent":1910,"menu_order":0,"comment_status":"closed","ping_status":"closed","template":"elementor_header_footer","meta":{"footnotes":""},"class_list":["post-1921","page","type-page","status-publish","hentry"],"_links":{"self":[{"href":"https:\/\/prodpol.pl\/pl\/wp-json\/wp\/v2\/pages\/1921","targetHints":{"allow":["GET"]}}],"collection":[{"href":"https:\/\/prodpol.pl\/pl\/wp-json\/wp\/v2\/pages"}],"about":[{"href":"https:\/\/prodpol.pl\/pl\/wp-json\/wp\/v2\/types\/page"}],"author":[{"embeddable":true,"href":"https:\/\/prodpol.pl\/pl\/wp-json\/wp\/v2\/users\/1"}],"replies":[{"embeddable":true,"href":"https:\/\/prodpol.pl\/pl\/wp-json\/wp\/v2\/comments?post=1921"}],"version-history":[{"count":5,"href":"https:\/\/prodpol.pl\/pl\/wp-json\/wp\/v2\/pages\/1921\/revisions"}],"predecessor-version":[{"id":1943,"href":"https:\/\/prodpol.pl\/pl\/wp-json\/wp\/v2\/pages\/1921\/revisions\/1943"}],"up":[{"embeddable":true,"href":"https:\/\/prodpol.pl\/pl\/wp-json\/wp\/v2\/pages\/1910"}],"wp:attachment":[{"href":"https:\/\/prodpol.pl\/pl\/wp-json\/wp\/v2\/media?parent=1921"}],"curies":[{"name":"wp","href":"https:\/\/api.w.org\/{rel}","templated":true}]}}