{"id":1920,"date":"2021-04-19T16:30:23","date_gmt":"2021-04-19T16:30:23","guid":{"rendered":"https:\/\/prodpol.pl\/products\/food-coloring-agents\/"},"modified":"2025-06-09T16:09:11","modified_gmt":"2025-06-09T16:09:11","slug":"food-coloring-agents","status":"publish","type":"page","link":"https:\/\/prodpol.pl\/pl\/products\/food-coloring-agents\/","title":{"rendered":"Barwniki"},"content":{"rendered":"\t\t<div data-elementor-type=\"wp-page\" data-elementor-id=\"1920\" class=\"elementor elementor-1920\" data-elementor-settings=\"[]\">\n\t\t\t\t\t\t\t<div class=\"elementor-section-wrap\">\n\t\t\t\t\t\t\t<section class=\"elementor-section elementor-top-section elementor-element elementor-element-8125184 elementor-section-full_width elementor-section-height-min-height elementor-section-stretched elementor-section-height-default elementor-section-items-middle\" data-id=\"8125184\" data-element_type=\"section\" data-settings=\"{&quot;background_background&quot;:&quot;classic&quot;,&quot;stretch_section&quot;:&quot;section-stretched&quot;}\">\n\t\t\t\t\t\t\t<div class=\"elementor-background-overlay\"><\/div>\n\t\t\t\t\t\t\t<div class=\"elementor-container elementor-column-gap-default\">\n\t\t\t\t\t<div class=\"elementor-column elementor-col-100 elementor-top-column elementor-element elementor-element-c6980d2\" data-id=\"c6980d2\" data-element_type=\"column\" data-settings=\"{&quot;background_background&quot;:&quot;classic&quot;}\">\n\t\t\t<div class=\"elementor-widget-wrap elementor-element-populated\">\n\t\t\t\t\t\t\t\t<div class=\"elementor-element elementor-element-226649d elementor-widget elementor-widget-heading\" data-id=\"226649d\" data-element_type=\"widget\" data-widget_type=\"heading.default\">\n\t\t\t\t<div class=\"elementor-widget-container\">\n\t\t\t<h2 class=\"elementor-heading-title elementor-size-xl\">Barwniki<\/h2>\t\t<\/div>\n\t\t\t\t<\/div>\n\t\t\t\t\t<\/div>\n\t\t<\/div>\n\t\t\t\t\t\t\t<\/div>\n\t\t<\/section>\n\t\t\t\t<section class=\"elementor-section elementor-top-section elementor-element elementor-element-92360d1 elementor-section-boxed elementor-section-height-default elementor-section-height-default\" data-id=\"92360d1\" data-element_type=\"section\">\n\t\t\t\t\t\t<div class=\"elementor-container elementor-column-gap-default\">\n\t\t\t\t\t<div class=\"elementor-column elementor-col-100 elementor-top-column elementor-element elementor-element-f3f7bc0\" data-id=\"f3f7bc0\" data-element_type=\"column\">\n\t\t\t<div class=\"elementor-widget-wrap elementor-element-populated\">\n\t\t\t\t\t\t\t\t<div class=\"elementor-element elementor-element-32b38ea elementor-widget elementor-widget-text-editor\" data-id=\"32b38ea\" data-element_type=\"widget\" data-widget_type=\"text-editor.default\">\n\t\t\t\t<div class=\"elementor-widget-container\">\n\t\t\t\t\t\t\t\t<p><strong>Barwniki spo\u017cywcze (TrueMix)<\/strong> to substancje barwi\u0105ce, kt\u00f3re uzyskuje si\u0119 poprzez ekstrakcj\u0119 surowc\u00f3w ro\u015blinnych, takich jak korzenie, \u0142odygi, owoce, jagody itp. Stosowanie takich surowc\u00f3w pozwala na bezpieczne wykorzystanie substancji w \u017cywno\u015bci. Zakres stosowania barwnik\u00f3w spo\u017cywczych jest do\u015b\u0107 szeroki. S\u0105 u\u017cywane zar\u00f3wno przez giganty przemys\u0142u spo\u017cywczego, jak i przez gospodynie domowe.<\/p><p>Wyb\u00f3r produkt\u00f3w spo\u017cywczych i napoj\u00f3w to nie tylko kwestia gustu. Coraz cz\u0119\u015bciej rosn\u0105 oczekiwania konsument\u00f3w, dotycz\u0105ce wygl\u0105du zewn\u0119trznego produkt\u00f3w, to znaczy, \u017ce ludzie preferuj\u0105 towary, kt\u00f3re nie tylko wygl\u0105daj\u0105 atrakcyjnie i apetycznie, ale tak\u017ce nie zawieraj\u0105 barwnik\u00f3w syntetycznych. Tworz\u0105c lini\u0119 barwnik\u00f3w NAT color\u2122, firma TrueMix starannie dobiera sk\u0142adniki i pigmenty, za pomoc\u0105 kt\u00f3rych osi\u0105ga si\u0119 oczekiwanego nasycenia i stabilno\u015bci koloru, co z kolei zwi\u0119ksza atrakcyjno\u015b\u0107 produkt\u00f3w spo\u017cywczych i napoj\u00f3w bez u\u017cycia syntetycznych substancji barwi\u0105cych.<\/p><p>TrueMix przedstawia dwie nowe linie barwnik\u00f3w naturalnych: VegeBrite\u2122 oraz E-Color\u2122. Otwieraj\u0105 one niesko\u0144czone mo\u017cliwo\u015bci rozwi\u0105za\u0144 kolorystycznych dla producent\u00f3w produkt\u00f3w spo\u017cywczych i napoj\u00f3w, oferuj\u0105c wszystkie istniej\u0105ce odcienie naturalnej palety kolor\u00f3w.<\/p>\t\t\t\t\t\t<\/div>\n\t\t\t\t<\/div>\n\t\t\t\t\t<\/div>\n\t\t<\/div>\n\t\t\t\t\t\t\t<\/div>\n\t\t<\/section>\n\t\t\t\t\t\t<\/div>\n\t\t\t\t\t<\/div>\n\t\t","protected":false},"excerpt":{"rendered":"<p>Barwniki Barwniki spo\u017cywcze (TrueMix) to substancje barwi\u0105ce, kt\u00f3re uzyskuje si\u0119 poprzez ekstrakcj\u0119 surowc\u00f3w ro\u015blinnych, takich jak korzenie, \u0142odygi, owoce, jagody itp. Stosowanie takich surowc\u00f3w pozwala na bezpieczne wykorzystanie substancji w \u017cywno\u015bci. Zakres stosowania barwnik\u00f3w spo\u017cywczych jest do\u015b\u0107 szeroki. S\u0105 u\u017cywane zar\u00f3wno przez giganty przemys\u0142u spo\u017cywczego, jak i przez gospodynie domowe. Wyb\u00f3r produkt\u00f3w spo\u017cywczych i napoj\u00f3w [&hellip;]<\/p>\n","protected":false},"author":1,"featured_media":0,"parent":1910,"menu_order":0,"comment_status":"closed","ping_status":"closed","template":"elementor_header_footer","meta":{"footnotes":""},"class_list":["post-1920","page","type-page","status-publish","hentry"],"_links":{"self":[{"href":"https:\/\/prodpol.pl\/pl\/wp-json\/wp\/v2\/pages\/1920","targetHints":{"allow":["GET"]}}],"collection":[{"href":"https:\/\/prodpol.pl\/pl\/wp-json\/wp\/v2\/pages"}],"about":[{"href":"https:\/\/prodpol.pl\/pl\/wp-json\/wp\/v2\/types\/page"}],"author":[{"embeddable":true,"href":"https:\/\/prodpol.pl\/pl\/wp-json\/wp\/v2\/users\/1"}],"replies":[{"embeddable":true,"href":"https:\/\/prodpol.pl\/pl\/wp-json\/wp\/v2\/comments?post=1920"}],"version-history":[{"count":8,"href":"https:\/\/prodpol.pl\/pl\/wp-json\/wp\/v2\/pages\/1920\/revisions"}],"predecessor-version":[{"id":2657,"href":"https:\/\/prodpol.pl\/pl\/wp-json\/wp\/v2\/pages\/1920\/revisions\/2657"}],"up":[{"embeddable":true,"href":"https:\/\/prodpol.pl\/pl\/wp-json\/wp\/v2\/pages\/1910"}],"wp:attachment":[{"href":"https:\/\/prodpol.pl\/pl\/wp-json\/wp\/v2\/media?parent=1920"}],"curies":[{"name":"wp","href":"https:\/\/api.w.org\/{rel}","templated":true}]}}